
{"id":8988,"date":"2026-01-09T17:00:18","date_gmt":"2026-01-09T16:00:18","guid":{"rendered":"https:\/\/aufgusscreations.com\/?post_type=product&#038;p=8988"},"modified":"2026-03-09T12:37:52","modified_gmt":"2026-03-09T11:37:52","slug":"herbal-workshop-juli","status":"publish","type":"product","link":"https:\/\/aufgusscreations.com\/de\/shop\/herbal-workshop-juli\/","title":{"rendered":"Herbal sauna-Kurs (Juli)"},"content":{"rendered":"<ul>\n<li>Reservierter Platz in: <strong>Sauna-Herballkurs 4-5 Juli 2026 <\/strong>Merken Sie sich Ihren Kalender vor!<\/li>\n<li>Standort: <a href=\"https:\/\/maps.app.goo.gl\/UvXj9YbD1TLW7gZPA\">Sauna Embricana<\/a><\/li>\n<li>Von: Aufgussmeister Sigrid van Rijswijk &amp; Rianne van Mierden<\/li>\n<li>Wenn Sie Ihre Reservierung stornieren m\u00f6chten, informieren Sie uns mindestens zwei Monate vor dem Schulungstermin (4. Mai)<\/li>\n<\/ul>\n","protected":false},"excerpt":{"rendered":"<p>In diesem Workshop werden wir uns auf alles konzentrieren, was pflanzlich ist! Wir werden einen Spaziergang durch den Wald machen und dabei die Sch\u00e4tze der Natur erkunden und kennenlernen, die er zu bieten hat. Unterwegs besprechen wir ihre Verwendung und Eigenschaften. Sp\u00e4ter werden wir unsere Fundst\u00fccke in wunderbare Wellness-Produkte wie Peelings, Aufg\u00fcsse und Zutaten f\u00fcr R\u00e4ucherrituale verwandeln.   <\/p>\n","protected":false},"featured_media":0,"template":"","meta":{"_acf_changed":false},"product_brand":[],"product_cat":[182],"product_tag":[],"class_list":{"0":"post-8988","1":"product","2":"type-product","3":"status-publish","5":"product_cat-course","7":"first","8":"instock","9":"shipping-taxable","10":"purchasable","11":"product-type-variable"},"acf":[],"aioseo_notices":[],"_links":{"self":[{"href":"https:\/\/aufgusscreations.com\/de\/wp-json\/wp\/v2\/product\/8988","targetHints":{"allow":["GET"]}}],"collection":[{"href":"https:\/\/aufgusscreations.com\/de\/wp-json\/wp\/v2\/product"}],"about":[{"href":"https:\/\/aufgusscreations.com\/de\/wp-json\/wp\/v2\/types\/product"}],"version-history":[{"count":8,"href":"https:\/\/aufgusscreations.com\/de\/wp-json\/wp\/v2\/product\/8988\/revisions"}],"predecessor-version":[{"id":18092,"href":"https:\/\/aufgusscreations.com\/de\/wp-json\/wp\/v2\/product\/8988\/revisions\/18092"}],"wp:attachment":[{"href":"https:\/\/aufgusscreations.com\/de\/wp-json\/wp\/v2\/media?parent=8988"}],"wp:term":[{"taxonomy":"product_brand","embeddable":true,"href":"https:\/\/aufgusscreations.com\/de\/wp-json\/wp\/v2\/product_brand?post=8988"},{"taxonomy":"product_cat","embeddable":true,"href":"https:\/\/aufgusscreations.com\/de\/wp-json\/wp\/v2\/product_cat?post=8988"},{"taxonomy":"product_tag","embeddable":true,"href":"https:\/\/aufgusscreations.com\/de\/wp-json\/wp\/v2\/product_tag?post=8988"}],"curies":[{"name":"wp","href":"https:\/\/api.w.org\/{rel}","templated":true}]}}